{"id":740,"date":"2024-05-10T17:56:11","date_gmt":"2024-05-10T15:56:11","guid":{"rendered":"https:\/\/zibela.art\/?page_id=740"},"modified":"2024-10-13T15:02:20","modified_gmt":"2024-10-13T13:02:20","slug":"artisanat-artisanat-dart","status":"publish","type":"page","link":"https:\/\/zibela.art\/index.php\/artisanat-artisanat-dart\/","title":{"rendered":"Artisanat &amp; Artisanat d&#8217;Art"},"content":{"rendered":"\n<ul class=\"wp-block-list\">\n<li>METALART Marque et Mod\u00e8le d\u00e9pos\u00e9 (Certificat d&#8217;authenticit\u00e9)<\/li>\n<\/ul>\n\n\n\n<figure class=\"wp-block-image size-full is-resized\"><img loading=\"lazy\" decoding=\"async\" width=\"450\" height=\"640\" src=\"https:\/\/zibela.art\/wp-content\/uploads\/2024\/06\/IMG_4186-2.jpg\" alt=\"\" class=\"wp-image-1082\" style=\"width:676px;height:auto\" srcset=\"https:\/\/zibela.art\/wp-content\/uploads\/2024\/06\/IMG_4186-2.jpg 450w, https:\/\/zibela.art\/wp-content\/uploads\/2024\/06\/IMG_4186-2-211x300.jpg 211w\" sizes=\"auto, (max-width: 450px) 100vw, 450px\" \/><\/figure>\n\n\n\n<ul class=\"wp-block-list\">\n<li>Poterie \/ C\u00e9ramique &#8211; Fabrication &amp; Pi\u00e8ce Unique<\/li>\n<\/ul>\n\n\n\n<p>Tout en patience et en passion, chaque statue est model\u00e9e, fa\u00e7onn\u00e9e par les mains de Claude, puis s\u00e9ch\u00e9e de nombreuses semaines, cuite au four et enfin peinte et vernis pour devenir :<\/p>\n\n\n\n<p class=\"has-text-align-center has-luminous-vivid-amber-color has-text-color has-link-color wp-elements-41ddfd1948edb18415dd6fc7e28b03a6\"><strong>&#8220;une P&#8217;tite Nana audacieuse et fi\u00e8re sans arrogance, libre de se sentir belle&#8221;<\/strong> &amp; &#8220;Des Petits Poissons de la Mer des Caraibes&#8221;<\/p>\n\n\n\n<figure class=\"wp-block-gallery has-nested-images columns-default is-cropped wp-block-gallery-1 is-layout-flex wp-block-gallery-is-layout-flex\">\n<figure class=\"wp-block-image size-large is-style-default\"><img loading=\"lazy\" decoding=\"async\" width=\"768\" height=\"1024\" data-id=\"1066\" src=\"https:\/\/zibela.art\/wp-content\/uploads\/2024\/06\/IMG_4245-768x1024.jpg\" alt=\"\" class=\"wp-image-1066\" srcset=\"https:\/\/zibela.art\/wp-content\/uploads\/2024\/06\/IMG_4245-768x1024.jpg 768w, https:\/\/zibela.art\/wp-content\/uploads\/2024\/06\/IMG_4245-225x300.jpg 225w, https:\/\/zibela.art\/wp-content\/uploads\/2024\/06\/IMG_4245-1152x1536.jpg 1152w, https:\/\/zibela.art\/wp-content\/uploads\/2024\/06\/IMG_4245-rotated.jpg 1512w\" sizes=\"auto, (max-width: 767px) 89vw, (max-width: 1000px) 54vw, (max-width: 1071px) 543px, 580px\" \/><figcaption class=\"wp-element-caption\">Les P&#8217;tits Poissons des Caraibes . Dim 20 cm &#8211; Stock et sur commande<\/figcaption><\/figure>\n\n\n\n<figure class=\"wp-block-image size-large is-style-default\"><img loading=\"lazy\" decoding=\"async\" width=\"1024\" height=\"1024\" data-id=\"1034\" src=\"https:\/\/zibela.art\/wp-content\/uploads\/2024\/05\/8db85dbe-155a-4911-b2c8-5bdf8657fc14-edited-1-1024x1024.jpg\" alt=\"\" class=\"wp-image-1034\" srcset=\"https:\/\/zibela.art\/wp-content\/uploads\/2024\/05\/8db85dbe-155a-4911-b2c8-5bdf8657fc14-edited-1-1024x1024.jpg 1024w, https:\/\/zibela.art\/wp-content\/uploads\/2024\/05\/8db85dbe-155a-4911-b2c8-5bdf8657fc14-edited-1-300x300.jpg 300w, https:\/\/zibela.art\/wp-content\/uploads\/2024\/05\/8db85dbe-155a-4911-b2c8-5bdf8657fc14-edited-1-150x150.jpg 150w, https:\/\/zibela.art\/wp-content\/uploads\/2024\/05\/8db85dbe-155a-4911-b2c8-5bdf8657fc14-edited-1-768x768.jpg 768w, https:\/\/zibela.art\/wp-content\/uploads\/2024\/05\/8db85dbe-155a-4911-b2c8-5bdf8657fc14-edited-1-100x100.jpg 100w, https:\/\/zibela.art\/wp-content\/uploads\/2024\/05\/8db85dbe-155a-4911-b2c8-5bdf8657fc14-edited-1.jpg 1200w\" sizes=\"auto, (max-width: 767px) 89vw, (max-width: 1000px) 54vw, (max-width: 1071px) 543px, 580px\" \/><figcaption class=\"wp-element-caption\">Les P&#8217;tites Nanas de la Croisette. Dim 25 &#8211; 30 cm &#8211; Stock et sur commande<\/figcaption><\/figure>\n<\/figure>\n\n\n\n<ul class=\"wp-block-list\">\n<li>Tableaux \/ Peinture &#8211; Pi\u00e8ce Unique<\/li>\n<\/ul>\n\n\n\n<p>Daniel-Pierre a suivi le prestigieux cursus de l&#8217;Acad\u00e9mie Royale des Beaux-Arts d&#8217;Amsterdam dont il est originaire. Infirmier et membre actif de nombreuses associations dans les contreforts des C\u00e9vennes, il peint, dessine, colle, assemble, cr\u00e9e, imagine &#8230;. par passion et surtout par plaisir durant son temps libre.<\/p>\n\n\n\n<p>Ses oeuvres sont h\u00e9t\u00e9roclites, color\u00e9es, myst\u00e9rieuses&#8230; Je vous invite \u00e0 venir les d\u00e9couvrir, les toucher, les admirer dans ma Boutique Galerie.<\/p>\n\n\n\n<p class=\"has-text-align-center has-vivid-cyan-blue-color has-text-color has-link-color wp-elements-dd24838a4f37e083fa00c33c8e5c4240\"><strong>&#8220;Vous y verrez ce que vous avez envie d&#8217;y voir&#8221; Dixit Daniel-Pierre<\/strong><\/p>\n\n\n\n<figure class=\"wp-block-gallery has-nested-images columns-default is-cropped wp-block-gallery-2 is-layout-flex wp-block-gallery-is-layout-flex\">\n<figure class=\"wp-block-image size-large is-style-rounded\"><img loading=\"lazy\" decoding=\"async\" width=\"832\" height=\"1024\" data-id=\"1030\" src=\"https:\/\/zibela.art\/wp-content\/uploads\/2024\/05\/IMG_3987-832x1024.jpg\" alt=\"\" class=\"wp-image-1030\" srcset=\"https:\/\/zibela.art\/wp-content\/uploads\/2024\/05\/IMG_3987-832x1024.jpg 832w, https:\/\/zibela.art\/wp-content\/uploads\/2024\/05\/IMG_3987-244x300.jpg 244w, https:\/\/zibela.art\/wp-content\/uploads\/2024\/05\/IMG_3987-768x945.jpg 768w, https:\/\/zibela.art\/wp-content\/uploads\/2024\/05\/IMG_3987.jpg 1040w\" sizes=\"auto, (max-width: 767px) 89vw, (max-width: 1000px) 54vw, (max-width: 1071px) 543px, 580px\" \/><figcaption class=\"wp-element-caption\">Tableau 40 x 50 cm<\/figcaption><\/figure>\n\n\n\n<figure class=\"wp-block-image size-large is-style-rounded\"><img loading=\"lazy\" decoding=\"async\" width=\"744\" height=\"1024\" data-id=\"1031\" src=\"https:\/\/zibela.art\/wp-content\/uploads\/2024\/05\/IMG_3993-744x1024.jpg\" alt=\"\" class=\"wp-image-1031\" srcset=\"https:\/\/zibela.art\/wp-content\/uploads\/2024\/05\/IMG_3993-744x1024.jpg 744w, https:\/\/zibela.art\/wp-content\/uploads\/2024\/05\/IMG_3993-218x300.jpg 218w, https:\/\/zibela.art\/wp-content\/uploads\/2024\/05\/IMG_3993-768x1057.jpg 768w, https:\/\/zibela.art\/wp-content\/uploads\/2024\/05\/IMG_3993-1116x1536.jpg 1116w, https:\/\/zibela.art\/wp-content\/uploads\/2024\/05\/IMG_3993.jpg 1422w\" sizes=\"auto, (max-width: 706px) 89vw, (max-width: 767px) 82vw, 740px\" \/><figcaption class=\"wp-element-caption\">Tableau 50 x 70 cm<\/figcaption><\/figure>\n\n\n\n<figure class=\"wp-block-image size-large is-style-rounded\"><img loading=\"lazy\" decoding=\"async\" width=\"1024\" height=\"766\" data-id=\"1032\" src=\"https:\/\/zibela.art\/wp-content\/uploads\/2024\/05\/IMG_3991-1024x766.jpg\" alt=\"\" class=\"wp-image-1032\" srcset=\"https:\/\/zibela.art\/wp-content\/uploads\/2024\/05\/IMG_3991-1024x766.jpg 1024w, https:\/\/zibela.art\/wp-content\/uploads\/2024\/05\/IMG_3991-300x224.jpg 300w, https:\/\/zibela.art\/wp-content\/uploads\/2024\/05\/IMG_3991-768x575.jpg 768w, https:\/\/zibela.art\/wp-content\/uploads\/2024\/05\/IMG_3991-1536x1149.jpg 1536w, https:\/\/zibela.art\/wp-content\/uploads\/2024\/05\/IMG_3991.jpg 1858w\" sizes=\"auto, (max-width: 767px) 89vw, (max-width: 1000px) 54vw, (max-width: 1071px) 543px, 580px\" \/><figcaption class=\"wp-element-caption\">Tableau 50 x 70 cm<\/figcaption><\/figure>\n\n\n\n<figure class=\"wp-block-image size-large is-style-default\"><img loading=\"lazy\" decoding=\"async\" width=\"1024\" height=\"937\" data-id=\"1033\" src=\"https:\/\/zibela.art\/wp-content\/uploads\/2024\/05\/IMG_3989-1024x937.jpg\" alt=\"\" class=\"wp-image-1033\" srcset=\"https:\/\/zibela.art\/wp-content\/uploads\/2024\/05\/IMG_3989-1024x937.jpg 1024w, https:\/\/zibela.art\/wp-content\/uploads\/2024\/05\/IMG_3989-300x274.jpg 300w, https:\/\/zibela.art\/wp-content\/uploads\/2024\/05\/IMG_3989-768x702.jpg 768w, https:\/\/zibela.art\/wp-content\/uploads\/2024\/05\/IMG_3989-1536x1405.jpg 1536w, https:\/\/zibela.art\/wp-content\/uploads\/2024\/05\/IMG_3989.jpg 1653w\" sizes=\"auto, (max-width: 767px) 89vw, (max-width: 1000px) 54vw, (max-width: 1071px) 543px, 580px\" \/><figcaption class=\"wp-element-caption\">Tableau 20 x 30 cm<\/figcaption><\/figure>\n<\/figure>\n\n\n\n<ul class=\"wp-block-list\">\n<li>Photos <\/li>\n<\/ul>\n\n\n\n<p>L\u00e9onard, jeune homme de 25 ans, Concepteur, Designer et Graphiste en packaging, dot\u00e9 d&#8217;une grande sensibilit\u00e9 sait, par la photo, capter le moment pr\u00e9sent.<\/p>\n\n\n\n<figure class=\"wp-block-gallery has-nested-images columns-default is-cropped wp-block-gallery-3 is-layout-flex wp-block-gallery-is-layout-flex\">\n<figure class=\"wp-block-image size-large\"><img loading=\"lazy\" decoding=\"async\" width=\"2560\" height=\"2560\" data-id=\"1038\" src=\"https:\/\/zibela.art\/wp-content\/uploads\/2024\/05\/DSF0326-scaled.jpg\" alt=\"\" class=\"wp-image-1038\" srcset=\"https:\/\/zibela.art\/wp-content\/uploads\/2024\/05\/DSF0326-scaled.jpg 2560w, https:\/\/zibela.art\/wp-content\/uploads\/2024\/05\/DSF0326-300x300.jpg 300w\" sizes=\"auto, (max-width: 767px) 89vw, (max-width: 1000px) 54vw, (max-width: 1071px) 543px, 580px\" \/><\/figure>\n\n\n\n<figure class=\"wp-block-image size-large is-style-rounded\"><img loading=\"lazy\" decoding=\"async\" width=\"1024\" height=\"576\" data-id=\"1039\" src=\"https:\/\/zibela.art\/wp-content\/uploads\/2024\/05\/DSF0346-1024x576.jpg\" alt=\"\" class=\"wp-image-1039\" srcset=\"https:\/\/zibela.art\/wp-content\/uploads\/2024\/05\/DSF0346-1024x576.jpg 1024w, https:\/\/zibela.art\/wp-content\/uploads\/2024\/05\/DSF0346-300x169.jpg 300w, https:\/\/zibela.art\/wp-content\/uploads\/2024\/05\/DSF0346-768x432.jpg 768w, https:\/\/zibela.art\/wp-content\/uploads\/2024\/05\/DSF0346-1536x864.jpg 1536w, https:\/\/zibela.art\/wp-content\/uploads\/2024\/05\/DSF0346-2048x1152.jpg 2048w\" sizes=\"auto, (max-width: 767px) 89vw, (max-width: 1000px) 54vw, (max-width: 1071px) 543px, 580px\" \/><figcaption class=\"wp-element-caption\">Train des C\u00e9vennes &amp; Bambouseraie<\/figcaption><\/figure>\n\n\n\n<figure class=\"wp-block-image size-large\"><img loading=\"lazy\" decoding=\"async\" width=\"2560\" height=\"2560\" data-id=\"1037\" src=\"https:\/\/zibela.art\/wp-content\/uploads\/2024\/05\/DSF0337-scaled.jpg\" alt=\"\" class=\"wp-image-1037\" srcset=\"https:\/\/zibela.art\/wp-content\/uploads\/2024\/05\/DSF0337-scaled.jpg 2560w, https:\/\/zibela.art\/wp-content\/uploads\/2024\/05\/DSF0337-300x300.jpg 300w\" sizes=\"auto, (max-width: 767px) 89vw, (max-width: 1000px) 54vw, (max-width: 1071px) 543px, 580px\" \/><\/figure>\n\n\n\n<figure class=\"wp-block-image size-large\"><img loading=\"lazy\" decoding=\"async\" width=\"1024\" height=\"683\" data-id=\"1045\" src=\"https:\/\/zibela.art\/wp-content\/uploads\/2024\/05\/H2L4415-1024x683.jpg\" alt=\"\" class=\"wp-image-1045\" srcset=\"https:\/\/zibela.art\/wp-content\/uploads\/2024\/05\/H2L4415-1024x683.jpg 1024w, https:\/\/zibela.art\/wp-content\/uploads\/2024\/05\/H2L4415-300x200.jpg 300w, https:\/\/zibela.art\/wp-content\/uploads\/2024\/05\/H2L4415-768x512.jpg 768w, https:\/\/zibela.art\/wp-content\/uploads\/2024\/05\/H2L4415-1536x1024.jpg 1536w, https:\/\/zibela.art\/wp-content\/uploads\/2024\/05\/H2L4415-2048x1365.jpg 2048w\" sizes=\"auto, (max-width: 767px) 89vw, (max-width: 1000px) 54vw, (max-width: 1071px) 543px, 580px\" \/><\/figure>\n\n\n\n<figure class=\"wp-block-image size-large\"><img decoding=\"async\" data-id=\"1044\" src=\"https:\/\/zibela.art\/wp-content\/uploads\/2024\/05\/H2L9084.jpg\" alt=\"\" class=\"wp-image-1044\"\/><\/figure>\n\n\n\n<figure class=\"wp-block-image size-large is-style-rounded\"><img loading=\"lazy\" decoding=\"async\" width=\"1024\" height=\"683\" data-id=\"1040\" src=\"https:\/\/zibela.art\/wp-content\/uploads\/2024\/05\/H2L8170-1024x683.jpg\" alt=\"\" class=\"wp-image-1040\" srcset=\"https:\/\/zibela.art\/wp-content\/uploads\/2024\/05\/H2L8170-1024x683.jpg 1024w, https:\/\/zibela.art\/wp-content\/uploads\/2024\/05\/H2L8170-300x200.jpg 300w, https:\/\/zibela.art\/wp-content\/uploads\/2024\/05\/H2L8170-768x512.jpg 768w, https:\/\/zibela.art\/wp-content\/uploads\/2024\/05\/H2L8170-1536x1024.jpg 1536w, https:\/\/zibela.art\/wp-content\/uploads\/2024\/05\/H2L8170-2048x1365.jpg 2048w\" sizes=\"auto, (max-width: 767px) 89vw, (max-width: 1000px) 54vw, (max-width: 1071px) 543px, 580px\" \/><\/figure>\n\n\n\n<figure class=\"wp-block-image size-large is-style-rounded\"><img decoding=\"async\" data-id=\"1043\" src=\"https:\/\/zibela.art\/wp-content\/uploads\/2024\/05\/H2L8549.jpg\" alt=\"\" class=\"wp-image-1043\"\/><\/figure>\n\n\n\n<figure class=\"wp-block-image size-large\"><img decoding=\"async\" data-id=\"1046\" src=\"https:\/\/zibela.art\/wp-content\/uploads\/2024\/05\/H2L8913.jpg\" alt=\"\" class=\"wp-image-1046\"\/><\/figure>\n<\/figure>\n\n\n\n<h2 class=\"wp-block-heading\"><\/h2>\n","protected":false},"excerpt":{"rendered":"<p>Tout en patience et en passion, chaque statue est model\u00e9e, fa\u00e7onn\u00e9e par les mains de Claude, puis s\u00e9ch\u00e9e de nombreuses semaines, cuite au four et enfin peinte et vernis pour devenir : &#8220;une P&#8217;tite Nana audacieuse et fi\u00e8re sans arrogance, libre de se sentir belle&#8221; &amp; &#8220;Des Petits Poissons de la Mer des Caraibes&#8221; Daniel-Pierre &hellip; <\/p>\n<p class=\"link-more\"><a href=\"https:\/\/zibela.art\/index.php\/artisanat-artisanat-dart\/\" class=\"more-link\">Continue reading<span class=\"screen-reader-text\"> &#8220;Artisanat &amp; Artisanat d&#8217;Art&#8221;<\/span><\/a><\/p>\n","protected":false},"author":1,"featured_media":0,"parent":0,"menu_order":0,"comment_status":"closed","ping_status":"closed","template":"","meta":{"footnotes":""},"class_list":["post-740","page","type-page","status-publish","hentry"],"_links":{"self":[{"href":"https:\/\/zibela.art\/index.php\/wp-json\/wp\/v2\/pages\/740","targetHints":{"allow":["GET"]}}],"collection":[{"href":"https:\/\/zibela.art\/index.php\/wp-json\/wp\/v2\/pages"}],"about":[{"href":"https:\/\/zibela.art\/index.php\/wp-json\/wp\/v2\/types\/page"}],"author":[{"embeddable":true,"href":"https:\/\/zibela.art\/index.php\/wp-json\/wp\/v2\/users\/1"}],"replies":[{"embeddable":true,"href":"https:\/\/zibela.art\/index.php\/wp-json\/wp\/v2\/comments?post=740"}],"version-history":[{"count":12,"href":"https:\/\/zibela.art\/index.php\/wp-json\/wp\/v2\/pages\/740\/revisions"}],"predecessor-version":[{"id":1132,"href":"https:\/\/zibela.art\/index.php\/wp-json\/wp\/v2\/pages\/740\/revisions\/1132"}],"wp:attachment":[{"href":"https:\/\/zibela.art\/index.php\/wp-json\/wp\/v2\/media?parent=740"}],"curies":[{"name":"wp","href":"https:\/\/api.w.org\/{rel}","templated":true}]}}